{"id":38,"date":"2023-08-17T08:53:35","date_gmt":"2023-08-17T08:53:35","guid":{"rendered":"https:\/\/gts.is\/en\/?page_id=38"},"modified":"2026-03-13T08:47:33","modified_gmt":"2026-03-13T08:47:33","slug":"employees","status":"publish","type":"page","link":"https:\/\/gts.is\/en\/employees\/","title":{"rendered":"Employees"},"content":{"rendered":"<p>[et_pb_section fb_built=&#8221;1&#8243; admin_label=&#8221;Header&#8221; _builder_version=&#8221;4.21.0&#8243; _module_preset=&#8221;default&#8221; custom_padding=&#8221;||0px||false|false&#8221; collapsed=&#8221;on&#8221; global_colors_info=&#8221;{}&#8221;][et_pb_row _builder_version=&#8221;4.21.0&#8243; _module_preset=&#8221;default&#8221; global_colors_info=&#8221;{}&#8221;][et_pb_column type=&#8221;4_4&#8243; _builder_version=&#8221;4.21.0&#8243; _module_preset=&#8221;default&#8221; global_colors_info=&#8221;{}&#8221;][et_pb_text _builder_version=&#8221;4.22.0&#8243; _module_preset=&#8221;e8d63382-3f71-449b-b62f-9ab0b94d5436&#8243; global_colors_info=&#8221;{}&#8221;]<\/p>\n<h1>Employees<\/h1>\n<p>[\/et_pb_text][\/et_pb_column][\/et_pb_row][\/et_pb_section][et_pb_section fb_built=&#8221;1&#8243; _builder_version=&#8221;4.22.0&#8243; _module_preset=&#8221;default&#8221; custom_padding=&#8221;40px||150px|||&#8221; global_colors_info=&#8221;{}&#8221;][et_pb_row column_structure=&#8221;1_3,1_3,1_3&#8243; _builder_version=&#8221;4.22.0&#8243; _module_preset=&#8221;default&#8221; global_colors_info=&#8221;{}&#8221;][et_pb_column type=&#8221;1_3&#8243; _builder_version=&#8221;4.22.0&#8243; _module_preset=&#8221;default&#8221; global_colors_info=&#8221;{}&#8221;][et_pb_text _builder_version=&#8221;4.27.5&#8243; _module_preset=&#8221;default&#8221; text_text_color=&#8221;#666666&#8243; header_text_color=&#8221;#E02B20&#8243; header_2_font=&#8221;|600|||||||&#8221; header_2_text_color=&#8221;#666666&#8243; custom_padding=&#8221;25px|25px|25px|25px|true|true&#8221; hover_enabled=&#8221;0&#8243; border_width_all=&#8221;1px&#8221; border_color_all=&#8221;#cccccc&#8221; global_colors_info=&#8221;{}&#8221; sticky_enabled=&#8221;0&#8243;]<\/p>\n<h2><span>Gu\u00f0mundur Tyrfingsson<\/span><\/h2>\n<p><span>Founder\u00a0<\/span><\/p>\n<p><span style=\"color: #ffffff;\">gt@gtravel.is<\/span><\/p>\n<p>[\/et_pb_text][et_pb_text _builder_version=&#8221;4.22.0&#8243; _module_preset=&#8221;default&#8221; text_text_color=&#8221;#666666&#8243; header_2_font=&#8221;|600|||||||&#8221; header_2_text_color=&#8221;#666666&#8243; custom_padding=&#8221;25px|25px|25px|25px|true|true&#8221; border_width_all=&#8221;1px&#8221; border_color_all=&#8221;#cccccc&#8221; global_colors_info=&#8221;{}&#8221;]<\/p>\n<h2><span>Tyrfingur Gu\u00f0mundsson<\/span><\/h2>\n<p style=\"text-align: left;\"><span>Owner | CEO<\/span><\/p>\n<p style=\"text-align: left;\"><a href=\"mailto:tiffi@gts.is\"><span>tiffi@gts.is<\/span><\/a><\/p>\n<p>[\/et_pb_text][et_pb_text _builder_version=&#8221;4.22.0&#8243; _module_preset=&#8221;default&#8221; text_text_color=&#8221;#666666&#8243; header_2_font=&#8221;|600|||||||&#8221; header_2_text_color=&#8221;#666666&#8243; custom_padding=&#8221;25px|25px|25px|25px|true|true&#8221; border_width_all=&#8221;1px&#8221; border_color_all=&#8221;#cccccc&#8221; global_colors_info=&#8221;{}&#8221;]<\/p>\n<h2><span>Hnikarr Frankl\u00ednsson<\/span><\/h2>\n<p style=\"text-align: left;\"><span>Operations manager<\/span><\/p>\n<p style=\"text-align: left;\"><a href=\"mailto:tiffi@gts.is\"><span>hnikarr@gts.is<\/span><\/a><\/p>\n<p>[\/et_pb_text][et_pb_text _builder_version=&#8221;4.22.0&#8243; _module_preset=&#8221;default&#8221; text_text_color=&#8221;#666666&#8243; header_2_font=&#8221;|600|||||||&#8221; header_2_text_color=&#8221;#666666&#8243; custom_padding=&#8221;25px|25px|25px|25px|true|true&#8221; border_width_all=&#8221;1px&#8221; border_color_all=&#8221;#cccccc&#8221; global_colors_info=&#8221;{}&#8221;]<\/p>\n<h2><span>Jack \u00a0J\u00f6rgensson<\/span><\/h2>\n<p style=\"text-align: left;\"><span>Shift manager &#8211; Reykjanes<\/span><\/p>\n<p style=\"text-align: left;\"><span><\/span><\/p>\n<p>[\/et_pb_text][et_pb_text _builder_version=&#8221;4.22.0&#8243; _module_preset=&#8221;default&#8221; text_text_color=&#8221;#666666&#8243; header_text_color=&#8221;#666666&#8243; header_2_font=&#8221;|600|||||||&#8221; header_2_text_color=&#8221;#666666&#8243; custom_padding=&#8221;25px|25px|25px|25px|true|true&#8221; border_width_all=&#8221;1px&#8221; border_color_all=&#8221;#cccccc&#8221; global_colors_info=&#8221;{}&#8221;]<\/p>\n<h2><span>Hulda Mj\u00f6ll \u00deorleifsd\u00f3ttir<\/span><\/h2>\n<p style=\"text-align: left;\">Sales Representitive<\/p>\n<p style=\"text-align: left;\"><a href=\"mailto:gts@gts.is\"><span>gts@gts.is<\/span><\/a><\/p>\n<p>[\/et_pb_text][et_pb_text _builder_version=&#8221;4.22.0&#8243; _module_preset=&#8221;default&#8221; text_text_color=&#8221;#666666&#8243; header_text_color=&#8221;#666666&#8243; header_2_font=&#8221;|600|||||||&#8221; header_2_text_color=&#8221;#666666&#8243; custom_padding=&#8221;25px|25px|25px|25px|true|true&#8221; border_width_all=&#8221;1px&#8221; border_color_all=&#8221;#cccccc&#8221; global_colors_info=&#8221;{}&#8221;]<\/p>\n<h2><span>Ruslan<\/span><\/h2>\n<p style=\"text-align: left;\">Workshop<\/p>\n<p style=\"text-align: left;\">\n<p>[\/et_pb_text][et_pb_text _builder_version=&#8221;4.22.0&#8243; _module_preset=&#8221;default&#8221; text_text_color=&#8221;#666666&#8243; header_text_color=&#8221;#666666&#8243; header_2_font=&#8221;|600|||||||&#8221; header_2_text_color=&#8221;#666666&#8243; custom_padding=&#8221;25px|25px|25px|25px|true|true&#8221; border_width_all=&#8221;1px&#8221; border_color_all=&#8221;#cccccc&#8221; global_colors_info=&#8221;{}&#8221;]<\/p>\n<h2><span>Bjarni M\u00e1r Magn\u00fasson<\/span><\/h2>\n<p style=\"text-align: left;\">Driver<\/p>\n<p style=\"text-align: left;\"><a href=\"mailto:bjarni@gts.is\"><span>bjarni@gts.is<\/span><\/a><\/p>\n<p>[\/et_pb_text][et_pb_text _builder_version=&#8221;4.22.0&#8243; _module_preset=&#8221;default&#8221; text_text_color=&#8221;#666666&#8243; header_text_color=&#8221;#666666&#8243; header_2_font=&#8221;|600|||||||&#8221; header_2_text_color=&#8221;#666666&#8243; custom_padding=&#8221;25px|25px|25px|25px|true|true&#8221; border_width_all=&#8221;1px&#8221; border_color_all=&#8221;#cccccc&#8221; global_colors_info=&#8221;{}&#8221;]<\/p>\n<h2><span>Jakob Narfi Hjaltason<\/span><\/h2>\n<p style=\"text-align: left;\">Driver<\/p>\n<p style=\"text-align: left;\">\n<p>[\/et_pb_text][et_pb_text _builder_version=&#8221;4.22.0&#8243; _module_preset=&#8221;default&#8221; text_text_color=&#8221;#666666&#8243; header_text_color=&#8221;#666666&#8243; header_2_font=&#8221;|600|||||||&#8221; header_2_text_color=&#8221;#666666&#8243; custom_padding=&#8221;25px|25px|25px|25px|true|true&#8221; border_width_all=&#8221;1px&#8221; border_color_all=&#8221;#cccccc&#8221; global_colors_info=&#8221;{}&#8221;]<\/p>\n<h2><span>Magn\u00fas Ey\u00fe\u00f3rsson<\/span><\/h2>\n<p style=\"text-align: left;\">Driver<\/p>\n<p style=\"text-align: left;\">\n<p>[\/et_pb_text][et_pb_text _builder_version=&#8221;4.22.0&#8243; _module_preset=&#8221;default&#8221; text_text_color=&#8221;#666666&#8243; header_text_color=&#8221;#666666&#8243; header_2_font=&#8221;|600|||||||&#8221; header_2_text_color=&#8221;#666666&#8243; custom_padding=&#8221;25px|25px|25px|25px|true|true&#8221; border_width_all=&#8221;1px&#8221; border_color_all=&#8221;#cccccc&#8221; global_colors_info=&#8221;{}&#8221;]<\/p>\n<h2><span>P\u00e1ll El\u00edasson<\/span><\/h2>\n<p style=\"text-align: left;\">Driver<\/p>\n<p style=\"text-align: left;\">\n<p>[\/et_pb_text][et_pb_text _builder_version=&#8221;4.22.0&#8243; _module_preset=&#8221;default&#8221; text_text_color=&#8221;#666666&#8243; header_text_color=&#8221;#666666&#8243; header_2_font=&#8221;|600|||||||&#8221; header_2_text_color=&#8221;#666666&#8243; custom_padding=&#8221;25px|25px|25px|25px|true|true&#8221; border_width_all=&#8221;1px&#8221; border_color_all=&#8221;#cccccc&#8221; global_colors_info=&#8221;{}&#8221;]<\/p>\n<h2><span>\u00de\u00f3rarinn Da\u00f0i Sverrisson<\/span><\/h2>\n<p style=\"text-align: left;\">Driver<\/p>\n<p style=\"text-align: left;\">\n<p>[\/et_pb_text][\/et_pb_column][et_pb_column type=&#8221;1_3&#8243; _builder_version=&#8221;4.22.0&#8243; _module_preset=&#8221;default&#8221; global_colors_info=&#8221;{}&#8221;][et_pb_text _builder_version=&#8221;4.27.5&#8243; _module_preset=&#8221;default&#8221; text_text_color=&#8221;#666666&#8243; header_2_font=&#8221;|600|||||||&#8221; header_2_text_color=&#8221;#666666&#8243; custom_padding=&#8221;25px|25px|25px|25px|true|true&#8221; hover_enabled=&#8221;0&#8243; border_width_all=&#8221;1px&#8221; border_color_all=&#8221;#cccccc&#8221; global_colors_info=&#8221;{}&#8221; sticky_enabled=&#8221;0&#8243;]<\/p>\n<h2><span>Sigr\u00ed\u00f0ur Benediktsd\u00f3ttir<\/span><\/h2>\n<p style=\"text-align: left;\"><span>Founder\u00a0<\/span><\/p>\n<p style=\"text-align: left;\"><a href=\"mailto:sb@gts.is\"><span>sb@gts.is<\/span><\/a><\/p>\n<p>[\/et_pb_text][et_pb_text _builder_version=&#8221;4.27.5&#8243; _module_preset=&#8221;default&#8221; text_text_color=&#8221;#666666&#8243; header_2_font=&#8221;|600|||||||&#8221; header_2_text_color=&#8221;#666666&#8243; custom_padding=&#8221;25px|25px|25px|25px|true|true&#8221; hover_enabled=&#8221;0&#8243; border_width_all=&#8221;1px&#8221; border_color_all=&#8221;#cccccc&#8221; global_colors_info=&#8221;{}&#8221; sticky_enabled=&#8221;0&#8243;]<\/p>\n<h2><span>Sigtryggur Einarsson<\/span><\/h2>\n<p style=\"text-align: left;\"><span>Fleet Operation Manager<\/span><\/p>\n<p style=\"text-align: left;\"><a href=\"mailto:helena@gts.is\"><span>sigtryggur@gts.is<\/span><\/a><\/p>\n<p>[\/et_pb_text][et_pb_text _builder_version=&#8221;4.27.5&#8243; _module_preset=&#8221;default&#8221; text_text_color=&#8221;#666666&#8243; header_2_font=&#8221;|600|||||||&#8221; header_2_text_color=&#8221;#666666&#8243; custom_padding=&#8221;25px|25px|25px|25px|true|true&#8221; hover_enabled=&#8221;0&#8243; border_width_all=&#8221;1px&#8221; border_color_all=&#8221;#cccccc&#8221; global_colors_info=&#8221;{}&#8221; sticky_enabled=&#8221;0&#8243;]<\/p>\n<h2><span>Jan Rezabek<\/span><\/h2>\n<p style=\"text-align: left;\"><span>HR Manager<\/span><\/p>\n<p style=\"text-align: left;\"><a href=\"mailto:helena@gts.is\"><span>jan@gts.is<\/span><\/a><\/p>\n<p>[\/et_pb_text][et_pb_text _builder_version=&#8221;4.27.5&#8243; _module_preset=&#8221;default&#8221; text_text_color=&#8221;#666666&#8243; header_2_font=&#8221;|600|||||||&#8221; header_2_text_color=&#8221;#666666&#8243; custom_padding=&#8221;25px|25px|25px|25px|true|true&#8221; hover_enabled=&#8221;0&#8243; border_width_all=&#8221;1px&#8221; border_color_all=&#8221;#cccccc&#8221; global_colors_info=&#8221;{}&#8221; sticky_enabled=&#8221;0&#8243;]<\/p>\n<h2><span>Hulda Mj\u00f6ll \u00deorleifsd\u00f3ttir<\/span><\/h2>\n<p style=\"text-align: left;\">Sales Representative \/ Transport Services for People with Disabilities<\/p>\n<p style=\"text-align: left;\"><a href=\"mailto:helena@gts.is\"><span>gts@gts.is<\/span><\/a><\/p>\n<p>[\/et_pb_text][et_pb_text _builder_version=&#8221;4.27.5&#8243; _module_preset=&#8221;default&#8221; text_text_color=&#8221;#666666&#8243; header_2_font=&#8221;|600|||||||&#8221; header_2_text_color=&#8221;#666666&#8243; custom_padding=&#8221;25px|25px|25px|25px|true|true&#8221; hover_enabled=&#8221;0&#8243; border_width_all=&#8221;1px&#8221; border_color_all=&#8221;#cccccc&#8221; global_colors_info=&#8221;{}&#8221; sticky_enabled=&#8221;0&#8243;]<\/p>\n<h2><span>\u00c6var \u00c1g\u00fastsson<\/span><\/h2>\n<p style=\"text-align: left;\"><span>Driver<\/span><\/p>\n<p style=\"text-align: left;\"><span><\/span><\/p>\n<p>[\/et_pb_text][et_pb_text _builder_version=&#8221;4.27.5&#8243; _module_preset=&#8221;default&#8221; text_text_color=&#8221;#666666&#8243; header_2_font=&#8221;|600|||||||&#8221; header_2_text_color=&#8221;#666666&#8243; custom_padding=&#8221;25px|25px|25px|25px|true|true&#8221; hover_enabled=&#8221;0&#8243; border_width_all=&#8221;1px&#8221; border_color_all=&#8221;#cccccc&#8221; global_colors_info=&#8221;{}&#8221; sticky_enabled=&#8221;0&#8243;]<\/p>\n<h2><span>Josef Gasidlo<\/span><\/h2>\n<p style=\"text-align: left;\"><span>Workshop<\/span><\/p>\n<p style=\"text-align: left;\">\n<p>[\/et_pb_text][et_pb_text _builder_version=&#8221;4.22.0&#8243; _module_preset=&#8221;default&#8221; text_text_color=&#8221;#666666&#8243; header_2_font=&#8221;|600|||||||&#8221; header_2_text_color=&#8221;#666666&#8243; custom_padding=&#8221;25px|25px|25px|25px|true|true&#8221; border_width_all=&#8221;1px&#8221; border_color_all=&#8221;#cccccc&#8221; global_colors_info=&#8221;{}&#8221;]<\/p>\n<h2><span>Ian K Hardie<\/span><\/h2>\n<p style=\"text-align: left;\">Consultant Tour Developer and Guide<\/p>\n<p style=\"text-align: left;\"><a href=\"mailto:ian@gts.is\"><span>ian@gts.is<\/span><\/a><\/p>\n<p>[\/et_pb_text][et_pb_text _builder_version=&#8221;4.22.0&#8243; _module_preset=&#8221;default&#8221; text_text_color=&#8221;#666666&#8243; header_2_font=&#8221;|600|||||||&#8221; header_2_text_color=&#8221;#666666&#8243; custom_padding=&#8221;25px|25px|25px|25px|true|true&#8221; border_width_all=&#8221;1px&#8221; border_color_all=&#8221;#cccccc&#8221; global_colors_info=&#8221;{}&#8221;]<\/p>\n<h2><span>\u00c1mundi Kristj\u00e1nsson<\/span><\/h2>\n<p style=\"text-align: left;\">Driver<\/p>\n<p style=\"text-align: left;\">\n<p>[\/et_pb_text][et_pb_text _builder_version=&#8221;4.22.0&#8243; _module_preset=&#8221;default&#8221; text_text_color=&#8221;#666666&#8243; header_2_font=&#8221;|600|||||||&#8221; header_2_text_color=&#8221;#666666&#8243; custom_padding=&#8221;25px|25px|25px|25px|true|true&#8221; border_width_all=&#8221;1px&#8221; border_color_all=&#8221;#cccccc&#8221; global_colors_info=&#8221;{}&#8221;]<\/p>\n<h2><span>Brynj\u00f3lfur Eir\u00edksson<\/span><\/h2>\n<p style=\"text-align: left;\">Driver<\/p>\n<p style=\"text-align: left;\">\n<p>[\/et_pb_text][et_pb_text _builder_version=&#8221;4.22.0&#8243; _module_preset=&#8221;default&#8221; text_text_color=&#8221;#666666&#8243; header_2_font=&#8221;|600|||||||&#8221; header_2_text_color=&#8221;#666666&#8243; custom_padding=&#8221;25px|25px|25px|25px|true|true&#8221; border_width_all=&#8221;1px&#8221; border_color_all=&#8221;#cccccc&#8221; global_colors_info=&#8221;{}&#8221;]<\/p>\n<h2><span>Simon Rozbora<\/span><\/h2>\n<p style=\"text-align: left;\">Driver<\/p>\n<p style=\"text-align: left;\">\n<p>[\/et_pb_text][\/et_pb_column][et_pb_column type=&#8221;1_3&#8243; _builder_version=&#8221;4.22.0&#8243; _module_preset=&#8221;default&#8221; global_colors_info=&#8221;{}&#8221;][et_pb_text _builder_version=&#8221;4.22.0&#8243; _module_preset=&#8221;default&#8221; text_text_color=&#8221;#666666&#8243; header_2_font=&#8221;|600|||||||&#8221; header_2_text_color=&#8221;#666666&#8243; custom_padding=&#8221;25px|25px|25px|25px|true|true&#8221; border_width_all=&#8221;1px&#8221; border_color_all=&#8221;#cccccc&#8221; global_colors_info=&#8221;{}&#8221;]<\/p>\n<h2><span>Berglind Gu\u00f0mundsd\u00f3ttir<\/span><\/h2>\n<p style=\"text-align: left;\"><span>Owner | Financial Manager<\/span><\/p>\n<p style=\"text-align: left;\"><a href=\"mailto:berglind@gts.is\"><span>berglind@gts.is<\/span><\/a><\/p>\n<p>[\/et_pb_text][et_pb_text _builder_version=&#8221;4.23&#8243; _module_preset=&#8221;default&#8221; text_text_color=&#8221;#666666&#8243; header_2_font=&#8221;|600|||||||&#8221; header_2_text_color=&#8221;#666666&#8243; custom_padding=&#8221;25px|25px|25px|25px|true|true&#8221; border_width_all=&#8221;1px&#8221; border_color_all=&#8221;#cccccc&#8221; global_colors_info=&#8221;{}&#8221;]<\/p>\n<h2><span>Einar Sigtryggson<\/span><\/h2>\n<p style=\"text-align: left;\">Fleet Operation Manager<\/p>\n<p style=\"text-align: left;\"><a href=\"mailto:einar@gts.is\"><span>einar@gts.is<\/span><\/a><\/p>\n<p>[\/et_pb_text][et_pb_text _builder_version=&#8221;4.23&#8243; _module_preset=&#8221;default&#8221; text_text_color=&#8221;#666666&#8243; header_2_font=&#8221;|600|||||||&#8221; header_2_text_color=&#8221;#666666&#8243; custom_padding=&#8221;25px|25px|25px|25px|true|true&#8221; border_width_all=&#8221;1px&#8221; border_color_all=&#8221;#cccccc&#8221; global_colors_info=&#8221;{}&#8221;]<\/p>\n<h2><span>Erlingur Bjarnason<\/span><\/h2>\n<p style=\"text-align: left;\">Operation Manager &#8211; Reykjanes<\/p>\n<p style=\"text-align: left;\"><a href=\"mailto:einar@gts.is\"><span>einar@gts.is<\/span><\/a><\/p>\n<p>[\/et_pb_text][et_pb_text _builder_version=&#8221;4.23&#8243; _module_preset=&#8221;default&#8221; text_text_color=&#8221;#666666&#8243; header_2_font=&#8221;|600|||||||&#8221; header_2_text_color=&#8221;#666666&#8243; custom_padding=&#8221;25px|25px|25px|25px|true|true&#8221; border_width_all=&#8221;1px&#8221; border_color_all=&#8221;#cccccc&#8221; global_colors_info=&#8221;{}&#8221;]<\/p>\n<h2><span>Benjam\u00edn Aage B. Birgisson<\/span><\/h2>\n<p style=\"text-align: left;\"><span>Expert in tour operations\/planning<\/span><\/p>\n<p style=\"text-align: left;\"><a href=\"mailto:gts@gts.is\"><span>gts@gts.is<\/span><\/a><\/p>\n<p>[\/et_pb_text][et_pb_text _builder_version=&#8221;4.27.5&#8243; _module_preset=&#8221;default&#8221; text_text_color=&#8221;#666666&#8243; header_2_font=&#8221;|600|||||||&#8221; header_2_text_color=&#8221;#666666&#8243; custom_padding=&#8221;25px|25px|25px|25px|true|true&#8221; hover_enabled=&#8221;0&#8243; border_width_all=&#8221;1px&#8221; border_color_all=&#8221;#cccccc&#8221; global_colors_info=&#8221;{}&#8221; sticky_enabled=&#8221;0&#8243;]<\/p>\n<h2><span>Sigur\u00f0ur Karl Kristj\u00e1nsson<\/span><\/h2>\n<p style=\"text-align: left;\"><span>Workshop manager<\/span><\/p>\n<p>[\/et_pb_text][et_pb_text _builder_version=&#8221;4.27.5&#8243; _module_preset=&#8221;default&#8221; text_text_color=&#8221;#666666&#8243; header_2_font=&#8221;|600|||||||&#8221; header_2_text_color=&#8221;#666666&#8243; custom_padding=&#8221;25px|25px|25px|25px|true|true&#8221; hover_enabled=&#8221;0&#8243; border_width_all=&#8221;1px&#8221; border_color_all=&#8221;#cccccc&#8221; global_colors_info=&#8221;{}&#8221; sticky_enabled=&#8221;0&#8243;]<\/p>\n<h2><span>Gu\u00f0mundur Tyrfingsson yngri<\/span><\/h2>\n<p style=\"text-align: left;\"><span>Workshop<\/span><\/p>\n<p>[\/et_pb_text][et_pb_text _builder_version=&#8221;4.27.5&#8243; _module_preset=&#8221;default&#8221; text_text_color=&#8221;#666666&#8243; header_2_font=&#8221;|600|||||||&#8221; header_2_text_color=&#8221;#666666&#8243; custom_padding=&#8221;25px|25px|25px|25px|true|true&#8221; hover_enabled=&#8221;0&#8243; border_width_all=&#8221;1px&#8221; border_color_all=&#8221;#cccccc&#8221; global_colors_info=&#8221;{}&#8221; sticky_enabled=&#8221;0&#8243;]<\/p>\n<h2><span>Bartosz Jarymowicz<\/span><\/h2>\n<p style=\"text-align: left;\"><span>Workshop<\/span><\/p>\n<p>[\/et_pb_text][et_pb_text _builder_version=&#8221;4.27.5&#8243; _module_preset=&#8221;default&#8221; text_text_color=&#8221;#666666&#8243; header_2_font=&#8221;|600|||||||&#8221; header_2_text_color=&#8221;#666666&#8243; custom_padding=&#8221;25px|25px|25px|25px|true|true&#8221; hover_enabled=&#8221;0&#8243; border_width_all=&#8221;1px&#8221; border_color_all=&#8221;#cccccc&#8221; global_colors_info=&#8221;{}&#8221; sticky_enabled=&#8221;0&#8243;]<\/p>\n<h2><span>Birkir P\u00e9tursson<\/span><\/h2>\n<p style=\"text-align: left;\"><span>Driver<\/span><\/p>\n<p>[\/et_pb_text][et_pb_text _builder_version=&#8221;4.27.5&#8243; _module_preset=&#8221;default&#8221; text_text_color=&#8221;#666666&#8243; header_2_font=&#8221;|600|||||||&#8221; header_2_text_color=&#8221;#666666&#8243; custom_padding=&#8221;25px|25px|25px|25px|true|true&#8221; hover_enabled=&#8221;0&#8243; border_width_all=&#8221;1px&#8221; border_color_all=&#8221;#cccccc&#8221; global_colors_info=&#8221;{}&#8221; sticky_enabled=&#8221;0&#8243;]<\/p>\n<h2><span>Carlos Loureiro<\/span><\/h2>\n<p style=\"text-align: left;\"><span>Driver<\/span><\/p>\n<p>[\/et_pb_text][et_pb_text _builder_version=&#8221;4.27.5&#8243; _module_preset=&#8221;default&#8221; text_text_color=&#8221;#666666&#8243; header_2_font=&#8221;|600|||||||&#8221; header_2_text_color=&#8221;#666666&#8243; custom_padding=&#8221;25px|25px|25px|25px|true|true&#8221; hover_enabled=&#8221;0&#8243; border_width_all=&#8221;1px&#8221; border_color_all=&#8221;#cccccc&#8221; global_colors_info=&#8221;{}&#8221; sticky_enabled=&#8221;0&#8243;]<\/p>\n<h2><span>Vilmundur Kristj\u00e1nsson<\/span><\/h2>\n<p style=\"text-align: left;\"><span>Driver<\/span><\/p>\n<p>[\/et_pb_text][\/et_pb_column][\/et_pb_row][\/et_pb_section]<\/p>\n","protected":false},"excerpt":{"rendered":"<p>EmployeesGu\u00f0mundur Tyrfingsson Founder\u00a0 gt@gtravel.isTyrfingur Gu\u00f0mundsson Owner | CEO tiffi@gts.isHnikarr Frankl\u00ednsson Operations manager hnikarr@gts.isJack \u00a0J\u00f6rgensson Shift manager &#8211; Reykjanes Hulda Mj\u00f6ll \u00deorleifsd\u00f3ttir Sales Representitive gts@gts.isRuslan Workshop Bjarni M\u00e1r Magn\u00fasson Driver bjarni@gts.isJakob Narfi Hjaltason Driver Magn\u00fas Ey\u00fe\u00f3rsson Driver P\u00e1ll El\u00edasson Driver \u00de\u00f3rarinn Da\u00f0i Sverrisson Driver Sigr\u00ed\u00f0ur Benediktsd\u00f3ttir Founder\u00a0 sb@gts.isSigtryggur Einarsson Fleet Operation Manager sigtryggur@gts.isJan Rezabek HR Manager [&hellip;]<\/p>\n","protected":false},"author":2,"featured_media":0,"parent":0,"menu_order":0,"comment_status":"closed","ping_status":"closed","template":"","meta":{"_et_pb_use_builder":"on","_et_pb_old_content":"","_et_gb_content_width":"","footnotes":""},"class_list":["post-38","page","type-page","status-publish","hentry"],"yoast_head":"<!-- This site is optimized with the Yoast SEO plugin v26.4 - https:\/\/yoast.com\/wordpress\/plugins\/seo\/ -->\n<title>Employees - GTS<\/title>\n<meta name=\"robots\" content=\"index, follow, max-snippet:-1, max-image-preview:large, max-video-preview:-1\" \/>\n<link rel=\"canonical\" href=\"https:\/\/gts.is\/en\/employees\/\" \/>\n<meta property=\"og:locale\" content=\"en_US\" \/>\n<meta property=\"og:type\" content=\"article\" \/>\n<meta property=\"og:title\" content=\"Employees - GTS\" \/>\n<meta property=\"og:description\" content=\"EmployeesGu\u00f0mundur Tyrfingsson Founder\u00a0 gt@gtravel.isTyrfingur Gu\u00f0mundsson Owner | CEO tiffi@gts.isHnikarr Frankl\u00ednsson Operations manager hnikarr@gts.isJack \u00a0J\u00f6rgensson Shift manager - Reykjanes Hulda Mj\u00f6ll \u00deorleifsd\u00f3ttir Sales Representitive gts@gts.isRuslan Workshop Bjarni M\u00e1r Magn\u00fasson Driver bjarni@gts.isJakob Narfi Hjaltason Driver Magn\u00fas Ey\u00fe\u00f3rsson Driver P\u00e1ll El\u00edasson Driver \u00de\u00f3rarinn Da\u00f0i Sverrisson Driver Sigr\u00ed\u00f0ur Benediktsd\u00f3ttir Founder\u00a0 sb@gts.isSigtryggur Einarsson Fleet Operation Manager sigtryggur@gts.isJan Rezabek HR Manager [&hellip;]\" \/>\n<meta property=\"og:url\" content=\"https:\/\/gts.is\/en\/employees\/\" \/>\n<meta property=\"og:site_name\" content=\"GTS\" \/>\n<meta property=\"article:modified_time\" content=\"2026-03-13T08:47:33+00:00\" \/>\n<meta name=\"twitter:card\" content=\"summary_large_image\" \/>\n<script type=\"application\/ld+json\" class=\"yoast-schema-graph\">{\"@context\":\"https:\/\/schema.org\",\"@graph\":[{\"@type\":\"WebPage\",\"@id\":\"https:\/\/gts.is\/en\/employees\/\",\"url\":\"https:\/\/gts.is\/en\/employees\/\",\"name\":\"Employees - GTS\",\"isPartOf\":{\"@id\":\"https:\/\/gts.is\/en\/#website\"},\"datePublished\":\"2023-08-17T08:53:35+00:00\",\"dateModified\":\"2026-03-13T08:47:33+00:00\",\"breadcrumb\":{\"@id\":\"https:\/\/gts.is\/en\/employees\/#breadcrumb\"},\"inLanguage\":\"en-US\",\"potentialAction\":[{\"@type\":\"ReadAction\",\"target\":[\"https:\/\/gts.is\/en\/employees\/\"]}]},{\"@type\":\"BreadcrumbList\",\"@id\":\"https:\/\/gts.is\/en\/employees\/#breadcrumb\",\"itemListElement\":[{\"@type\":\"ListItem\",\"position\":1,\"name\":\"Home\",\"item\":\"https:\/\/gts.is\/en\/\"},{\"@type\":\"ListItem\",\"position\":2,\"name\":\"Employees\"}]},{\"@type\":\"WebSite\",\"@id\":\"https:\/\/gts.is\/en\/#website\",\"url\":\"https:\/\/gts.is\/en\/\",\"name\":\"GTS\",\"description\":\"\",\"potentialAction\":[{\"@type\":\"SearchAction\",\"target\":{\"@type\":\"EntryPoint\",\"urlTemplate\":\"https:\/\/gts.is\/en\/?s={search_term_string}\"},\"query-input\":{\"@type\":\"PropertyValueSpecification\",\"valueRequired\":true,\"valueName\":\"search_term_string\"}}],\"inLanguage\":\"en-US\"}]}<\/script>\n<!-- \/ Yoast SEO plugin. -->","yoast_head_json":{"title":"Employees - GTS","robots":{"index":"index","follow":"follow","max-snippet":"max-snippet:-1","max-image-preview":"max-image-preview:large","max-video-preview":"max-video-preview:-1"},"canonical":"https:\/\/gts.is\/en\/employees\/","og_locale":"en_US","og_type":"article","og_title":"Employees - GTS","og_description":"EmployeesGu\u00f0mundur Tyrfingsson Founder\u00a0 gt@gtravel.isTyrfingur Gu\u00f0mundsson Owner | CEO tiffi@gts.isHnikarr Frankl\u00ednsson Operations manager hnikarr@gts.isJack \u00a0J\u00f6rgensson Shift manager - Reykjanes Hulda Mj\u00f6ll \u00deorleifsd\u00f3ttir Sales Representitive gts@gts.isRuslan Workshop Bjarni M\u00e1r Magn\u00fasson Driver bjarni@gts.isJakob Narfi Hjaltason Driver Magn\u00fas Ey\u00fe\u00f3rsson Driver P\u00e1ll El\u00edasson Driver \u00de\u00f3rarinn Da\u00f0i Sverrisson Driver Sigr\u00ed\u00f0ur Benediktsd\u00f3ttir Founder\u00a0 sb@gts.isSigtryggur Einarsson Fleet Operation Manager sigtryggur@gts.isJan Rezabek HR Manager [&hellip;]","og_url":"https:\/\/gts.is\/en\/employees\/","og_site_name":"GTS","article_modified_time":"2026-03-13T08:47:33+00:00","twitter_card":"summary_large_image","schema":{"@context":"https:\/\/schema.org","@graph":[{"@type":"WebPage","@id":"https:\/\/gts.is\/en\/employees\/","url":"https:\/\/gts.is\/en\/employees\/","name":"Employees - GTS","isPartOf":{"@id":"https:\/\/gts.is\/en\/#website"},"datePublished":"2023-08-17T08:53:35+00:00","dateModified":"2026-03-13T08:47:33+00:00","breadcrumb":{"@id":"https:\/\/gts.is\/en\/employees\/#breadcrumb"},"inLanguage":"en-US","potentialAction":[{"@type":"ReadAction","target":["https:\/\/gts.is\/en\/employees\/"]}]},{"@type":"BreadcrumbList","@id":"https:\/\/gts.is\/en\/employees\/#breadcrumb","itemListElement":[{"@type":"ListItem","position":1,"name":"Home","item":"https:\/\/gts.is\/en\/"},{"@type":"ListItem","position":2,"name":"Employees"}]},{"@type":"WebSite","@id":"https:\/\/gts.is\/en\/#website","url":"https:\/\/gts.is\/en\/","name":"GTS","description":"","potentialAction":[{"@type":"SearchAction","target":{"@type":"EntryPoint","urlTemplate":"https:\/\/gts.is\/en\/?s={search_term_string}"},"query-input":{"@type":"PropertyValueSpecification","valueRequired":true,"valueName":"search_term_string"}}],"inLanguage":"en-US"}]}},"_links":{"self":[{"href":"https:\/\/gts.is\/en\/wp-json\/wp\/v2\/pages\/38","targetHints":{"allow":["GET"]}}],"collection":[{"href":"https:\/\/gts.is\/en\/wp-json\/wp\/v2\/pages"}],"about":[{"href":"https:\/\/gts.is\/en\/wp-json\/wp\/v2\/types\/page"}],"author":[{"embeddable":true,"href":"https:\/\/gts.is\/en\/wp-json\/wp\/v2\/users\/2"}],"replies":[{"embeddable":true,"href":"https:\/\/gts.is\/en\/wp-json\/wp\/v2\/comments?post=38"}],"version-history":[{"count":12,"href":"https:\/\/gts.is\/en\/wp-json\/wp\/v2\/pages\/38\/revisions"}],"predecessor-version":[{"id":647,"href":"https:\/\/gts.is\/en\/wp-json\/wp\/v2\/pages\/38\/revisions\/647"}],"wp:attachment":[{"href":"https:\/\/gts.is\/en\/wp-json\/wp\/v2\/media?parent=38"}],"curies":[{"name":"wp","href":"https:\/\/api.w.org\/{rel}","templated":true}]}}